{"id":2195,"date":"2019-06-19T12:21:52","date_gmt":"2019-06-19T16:21:52","guid":{"rendered":"http:\/\/site1.smartbox.ca\/?page_id=2195"},"modified":"2024-12-16T11:05:15","modified_gmt":"2024-12-16T16:05:15","slug":"telsynergy","status":"publish","type":"page","link":"https:\/\/www.tel-synergy.com\/","title":{"rendered":"TelSynergy"},"content":{"rendered":"<p>[vc_row full_width=\u00a0\u00bbstretch_row\u00a0\u00bb foundry_padding=\u00a0\u00bbpt0 pb0&Prime;][vc_column css=\u00a0\u00bb.vc_custom_1560794866420{padding-right: 0px !important;padding-left: 0px !important;}\u00a0\u00bb]<section class=\"cover  image-slider slider-all-controls controls-inside parallax\" style=\"height: 600px;\"><ul class=\"slides\"><li class=\"overlay image-bg\" style=\"height: 600px;\"><div class=\"background-image-holder\"><img loading=\"lazy\" decoding=\"async\" width=\"1920\" height=\"760\" src=\"https:\/\/www.tel-synergy.com\/wp-content\/uploads\/2019\/06\/hero.jpg\" class=\"background-image\" alt=\"\" srcset=\"https:\/\/www.tel-synergy.com\/wp-content\/uploads\/2019\/06\/hero.jpg 1920w, https:\/\/www.tel-synergy.com\/wp-content\/uploads\/2019\/06\/hero-300x119.jpg 300w, https:\/\/www.tel-synergy.com\/wp-content\/uploads\/2019\/06\/hero-768x304.jpg 768w, https:\/\/www.tel-synergy.com\/wp-content\/uploads\/2019\/06\/hero-1024x405.jpg 1024w, https:\/\/www.tel-synergy.com\/wp-content\/uploads\/2019\/06\/hero-600x238.jpg 600w\" sizes=\"auto, (max-width: 1920px) 100vw, 1920px\" \/><\/div>\t\n\t\t    <div class=\"container v-align-transform\">\n\t\t        <div class=\"row\">\n\t\t            <div class=\"col-md-12 col-sm-12\">\n\t\t                <\/p>\n<h2>AIDER LES ENTREPRISES \u00c0 MIEUX COMMUNIQUER<\/h2>\n<p>\n\n\t\t            <\/div>\n\t\t        <\/div>\n\t\t    <\/div>\n\t\t<\/li><\/ul><\/section>[\/vc_column][\/vc_row][vc_row parallax=\u00a0\u00bb\u00a0\u00bb parallax_image=\u00a0\u00bb\u00a0\u00bb][vc_column][vc_column_text]<\/p>\n<h3 style=\"text-align: center;\"><strong> Un seul fournisseur. Une seule facture. Un seul num\u00e9ro de service.<\/strong><\/h3>\n<h5 style=\"text-align: center;\">Traiter avec diff\u00e9rentes entreprises pour vos services t\u00e9l\u00e9phoniques et Internet est un casse-t\u00eate. Travailler avec un seul fournisseur pour l\u2019ensemble de votre infrastructure de t\u00e9l\u00e9communication vous simplifie la t\u00e2che.<\/h5>\n<p>[\/vc_column_text][vc_empty_space height=\u00a0\u00bb50px\u00a0\u00bb][vc_column_text]<\/p>\n<h3 style=\"text-align: center;\"><strong>\u00c0 propos de TelSynergy<\/strong><\/h3>\n<h5 class=\"mb0\" style=\"text-align: center;\">En affaires depuis 1996, TelSynergy est un revendeur national de t\u00e9l\u00e9communications qui offre une gamme compl\u00e8te de produits et services r\u00e9seau.<\/h5>\n<p>[\/vc_column_text][vc_empty_space]\n\t\t<div class=\"tabbed-content button-tabs text-center\">\n\t\t    <ul class=\"tabs\">\n\t\t        \n\t\t<li>\n\t\t    <div class=\"tab-title\">\n\t\t    \t<i class=\" icon\"><\/i>\n\t\t        <span>Guichet unique<\/span>\n\t\t    <\/div>\n\t\t    <div class=\"tab-content\"><\/p>\n<h5>Nous apportons des solutions uniques \u00e0 notre client\u00e8le, ce qui signifie que vous profiterez de la commodit\u00e9 d&rsquo;un guichet unique pour tous vos besoins en mati\u00e8re de t\u00e9l\u00e9communication et de mise en r\u00e9seau et, mieux encore, tous vos services seront regroup\u00e9s sous une seule et m\u00eame facture.<\/h5>\n<p>\n<\/div>\n\t\t<\/li>\n\t\n\t\t<li>\n\t\t    <div class=\"tab-title\">\n\t\t    \t<i class=\" icon\"><\/i>\n\t\t        <span>Une facture<\/span>\n\t\t    <\/div>\n\t\t    <div class=\"tab-content\"><\/p>\n<h5>TelSynergy est inscrite aupr\u00e8s du CRTC. Cela nous donne le droit de signer des ententes nationales avec les plus importants op\u00e9rateurs de t\u00e9l\u00e9communication au Canada. Notre pouvoir d\u2019achat permet \u00e0 tous nos clients de b\u00e9n\u00e9ficier et d\u2019obtenir des taux tr\u00e8s comp\u00e9titifs auxquels leur volume individuel ne leur donnerait pas acc\u00e8s.<\/h5>\n<p>\n<\/div>\n\t\t<\/li>\n\t\n\t\t<li>\n\t\t    <div class=\"tab-title\">\n\t\t    \t<i class=\" icon\"><\/i>\n\t\t        <span>Solutions<\/span>\n\t\t    <\/div>\n\t\t    <div class=\"tab-content\"><\/p>\n<h5>Nous sommes ainsi en mesure d\u2019offrir &#8211; \u00e0 moindre co\u00fbt &#8211; une multitude de services provenant de diff\u00e9rents op\u00e9rateurs de t\u00e9l\u00e9communication \u00e0 la m\u00eame facture, et ce sans aucun frais suppl\u00e9mentaire. Nous avons con\u00e7u et poss\u00e9dons d\u00e9sormais les syst\u00e8mes de facturation les plus flexibles et les plus \u00e0 jour du secteur, permettant ainsi \u00e0 nos clients de gagner du temps et de l&rsquo;argent.<\/h5>\n<p>\n<\/div>\n\t\t<\/li>\n\t\n\t\t<li>\n\t\t    <div class=\"tab-title\">\n\t\t    \t<i class=\" icon\"><\/i>\n\t\t        <span>Consultation<\/span>\n\t\t    <\/div>\n\t\t    <div class=\"tab-content\"><\/p>\n<h5>Constitu\u00e9 d&rsquo;experts-conseils et de pionniers en t\u00e9l\u00e9communications, notre service de consultation est toujours \u00e0 la fine pointe des derni\u00e8res avanc\u00e9es technologiques.<\/h5>\n<p>\n<\/div>\n\t\t<\/li>\n\t\n\t\t    <\/ul>\n\t\t<\/div>\n\t[vc_empty_space height=\u00a0\u00bb50px\u00a0\u00bb][vc_row_inner][vc_column_inner][vc_media_grid element_width=\u00a0\u00bb6&Prime; gap=\u00a0\u00bb10&Prime; grid_id=\u00a0\u00bbvc_gid:1734365052319-0a4a2e79-c02b-3&Prime; include=\u00a0\u00bb1552,2186&Prime;][\/vc_column_inner][\/vc_row_inner][vc_column_text]<\/p>\n<h3 style=\"text-align: center;\"><strong>Industries<\/strong><\/h3>\n<p>[\/vc_column_text][vc_row_inner content_placement=\u00a0\u00bbmiddle\u00a0\u00bb][vc_column_inner width=\u00a0\u00bb1\/2&Prime;]\n\t\t\t<div class=\"progress-bars text-center\">\n\t\t\t    <div class=\"progress progress-1\">\n\t\t\t        <div class=\"progress-bar\" data-progress=\"100\">\n\t\t\t            <span class=\"title\">Commerce de D\u00e9tail<\/span>\n\t\t\t        <\/div>\n\t\t\t    <\/div>\n\t\t\t<\/div>\n\t\t\n\t\t\t<div class=\"progress-bars text-center\">\n\t\t\t    <div class=\"progress progress-1\">\n\t\t\t        <div class=\"progress-bar\" data-progress=\"100\">\n\t\t\t            <span class=\"title\">Manufacturier<\/span>\n\t\t\t        <\/div>\n\t\t\t    <\/div>\n\t\t\t<\/div>\n\t\t\n\t\t\t<div class=\"progress-bars text-center\">\n\t\t\t    <div class=\"progress progress-1\">\n\t\t\t        <div class=\"progress-bar\" data-progress=\"100\">\n\t\t\t            <span class=\"title\">Bureau d'avocats<\/span>\n\t\t\t        <\/div>\n\t\t\t    <\/div>\n\t\t\t<\/div>\n\t\t[\/vc_column_inner][vc_column_inner width=\u00a0\u00bb1\/2&Prime;]\n\t\t\t<div class=\"progress-bars text-center\">\n\t\t\t    <div class=\"progress progress-1\">\n\t\t\t        <div class=\"progress-bar\" data-progress=\"100\">\n\t\t\t            <span class=\"title\">Transport<\/span>\n\t\t\t        <\/div>\n\t\t\t    <\/div>\n\t\t\t<\/div>\n\t\t\n\t\t\t<div class=\"progress-bars text-center\">\n\t\t\t    <div class=\"progress progress-1\">\n\t\t\t        <div class=\"progress-bar\" data-progress=\"100\">\n\t\t\t            <span class=\"title\">Bureau de comptables<\/span>\n\t\t\t        <\/div>\n\t\t\t    <\/div>\n\t\t\t<\/div>\n\t\t\n\t\t\t<div class=\"progress-bars text-center\">\n\t\t\t    <div class=\"progress progress-1\">\n\t\t\t        <div class=\"progress-bar\" data-progress=\"100\">\n\t\t\t            <span class=\"title\">Hospitalit\u00e9<\/span>\n\t\t\t        <\/div>\n\t\t\t    <\/div>\n\t\t\t<\/div>\n\t\t[\/vc_column_inner][\/vc_row_inner][vc_empty_space height=\u00a0\u00bb110px\u00a0\u00bb][vc_row_inner][vc_column_inner]\n\t\t\t<div class=\"feature feature-3 feature-4\">\n\t\t\t\t\n\t\t\t    <div class=\"left\">\n\t\t\t        <i class=\"ti-settings icon-lg\"><\/i>\n\t\t\t    <\/div>\n\t\t\t    <div class=\"right\">\n\t\t\t        <h5 class=\"uppercase mb16\">Services<\/h5>\n\t\t\t        <\/p>\n<h5>TelSynergy propose une large gamme de produits innovants et \u00e9conomiques. Nos services sont con\u00e7us pour r\u00e9pondre \u00e0 vos besoins en mati\u00e8res de t\u00e9l\u00e9com et de r\u00e9seau. Notre \u00e9quipe constitu\u00e9e d\u2019experts hautement qualifi\u00e9s offre un service \u00e0 la client\u00e8le continu.<\/h5>\n<p>\n\n\t\t\t    <\/div>\n\t\t\t    \n\t\t\t<\/div>\n\t\t[vc_empty_space]\n\t\t\t<div class=\"feature feature-3 feature-4\">\n\t\t\t\t\n\t\t\t    <div class=\"left\">\n\t\t\t        <i class=\"ti-thumb-up icon-lg\"><\/i>\n\t\t\t    <\/div>\n\t\t\t    <div class=\"right\">\n\t\t\t        <h5 class=\"uppercase mb16\">Avantages<\/h5>\n\t\t\t        <\/p>\n<h5>Commodit\u00e9, comp\u00e9titivit\u00e9 et simplicit\u00e9 sont quelques-uns des avantages les plus importants dont votre entreprise peut tirer profit lorsqu&rsquo;elle transige avec nous. Nous offrons une foule de services et produits fiables et concurrentiels disponibles via plusieurs m\u00e9dias. De plus, vous verrez s\u2019accroitre votre rendement gr\u00e2ce \u00e0 la simplicit\u00e9 d\u2019une seule facture.<\/h5>\n<p>\n\n\t\t\t    <\/div>\n\t\t\t    \n\t\t\t<\/div>\n\t\t[vc_empty_space]\n\t\t\t<div class=\"feature feature-3 feature-4\">\n\t\t\t\t\n\t\t\t    <div class=\"left\">\n\t\t\t        <i class=\"ti-user icon-lg\"><\/i>\n\t\t\t    <\/div>\n\t\t\t    <div class=\"right\">\n\t\t\t        <h5 class=\"uppercase mb16\">Devenir un agent<\/h5>\n\t\t\t        <\/p>\n<h5>Nous invitons les agents de t\u00e9l\u00e9communication \u00e0 la recherche de solutions de t\u00e9l\u00e9communication incomparables \u00e0 nous contacter. Nous croyons fermement au partenariat, une formule gagnante. Chez TelSynergy, nous nous concentrons sur la satisfaction du client nous avons comme objectif la satisfaction de notre client\u00e8le,\u00a0le support et l&rsquo;efficacit\u00e9. Il en va de m\u00eame pour nos partenaires. Sans oublier que nos solutions de communications unifi\u00e9es vous permettent de personnaliser votre propre marque blanche (white label).<\/h5>\n<p>\n\n\t\t\t    <\/div>\n\t\t\t    \n\t\t\t<\/div>\n\t\t[\/vc_column_inner][\/vc_row_inner][\/vc_column][\/vc_row][vc_row css=\u00a0\u00bb.vc_custom_1560790208025{background-image: url(http:\/\/site1.smartbox.ca\/wp-content\/uploads\/2019\/06\/bg_grid.jpg?id=2083) !important;background-position: 0 0 !important;background-repeat: no-repeat !important;}\u00a0\u00bb][vc_column width=\u00a0\u00bb1\/4&Prime;][\/vc_column][vc_column width=\u00a0\u00bb1\/2&Prime;][vc_column_text]<\/p>\n<h3 class=\"mb8\" style=\"text-align: center;\">Inscrivez-vous et commencez d\u00e8s aujourd&rsquo;hui!<\/h3>\n<p style=\"text-align: center;\">Ne vous inqui\u00e9tez pas, nous d\u00e9testons les spams aussi &#8230;<\/p>\n<p>[\/vc_column_text][vc_btn title=\u00a0\u00bbCliquez ici !\u00a0\u00bb style=\u00a0\u00bbclassic\u00a0\u00bb shape=\u00a0\u00bbsquare\u00a0\u00bb color=\u00a0\u00bbwhite\u00a0\u00bb align=\u00a0\u00bbcenter\u00a0\u00bb button_block=\u00a0\u00bbtrue\u00a0\u00bb link=\u00a0\u00bburl:https%3A%2F%2Fwww.tel-synergy.com%2F%3Fpage_id%3D2039|title:Contact||\u00a0\u00bb][\/vc_column][vc_column width=\u00a0\u00bb1\/4&Prime;][\/vc_column][\/vc_row]<\/p>\n","protected":false},"excerpt":{"rendered":"<p>[vc_row full_width=\u00a0\u00bbstretch_row\u00a0\u00bb foundry_padding=\u00a0\u00bbpt0 pb0&Prime;][vc_column css=\u00a0\u00bb.vc_custom_1560794866420{padding-right: 0px !important;padding-left: 0px !important;}\u00a0\u00bb][\/vc_column][\/vc_row][vc_row parallax=\u00a0\u00bb\u00a0\u00bb parallax_image=\u00a0\u00bb\u00a0\u00bb][vc_column][vc_column_text] Un seul fournisseur. Une seule facture. Un seul num\u00e9ro de&#8230;<\/p>\n","protected":false},"author":2,"featured_media":0,"parent":0,"menu_order":0,"comment_status":"closed","ping_status":"closed","template":"","meta":{"footnotes":""},"class_list":["post-2195","page","type-page","status-publish","hentry"],"_links":{"self":[{"href":"https:\/\/www.tel-synergy.com\/index.php?rest_route=\/wp\/v2\/pages\/2195","targetHints":{"allow":["GET"]}}],"collection":[{"href":"https:\/\/www.tel-synergy.com\/index.php?rest_route=\/wp\/v2\/pages"}],"about":[{"href":"https:\/\/www.tel-synergy.com\/index.php?rest_route=\/wp\/v2\/types\/page"}],"author":[{"embeddable":true,"href":"https:\/\/www.tel-synergy.com\/index.php?rest_route=\/wp\/v2\/users\/2"}],"replies":[{"embeddable":true,"href":"https:\/\/www.tel-synergy.com\/index.php?rest_route=%2Fwp%2Fv2%2Fcomments&post=2195"}],"version-history":[{"count":10,"href":"https:\/\/www.tel-synergy.com\/index.php?rest_route=\/wp\/v2\/pages\/2195\/revisions"}],"predecessor-version":[{"id":2481,"href":"https:\/\/www.tel-synergy.com\/index.php?rest_route=\/wp\/v2\/pages\/2195\/revisions\/2481"}],"wp:attachment":[{"href":"https:\/\/www.tel-synergy.com\/index.php?rest_route=%2Fwp%2Fv2%2Fmedia&parent=2195"}],"curies":[{"name":"wp","href":"https:\/\/api.w.org\/{rel}","templated":true}]}}