{"id":2051,"date":"2019-06-12T02:20:51","date_gmt":"2019-06-12T06:20:51","guid":{"rendered":"http:\/\/site1.smartbox.ca\/?page_id=2051"},"modified":"2019-07-04T11:12:21","modified_gmt":"2019-07-04T15:12:21","slug":"services","status":"publish","type":"page","link":"https:\/\/www.tel-synergy.com\/?page_id=2051","title":{"rendered":"Services"},"content":{"rendered":"<p>[vc_row full_width=\u00a0\u00bbstretch_row\u00a0\u00bb foundry_padding=\u00a0\u00bbpt0&Prime;][vc_column]\n\t\t\t<section class=\"image-square left\">\n\t\t\t    <div class=\"col-md-6 image\">\n\t\t\t        <div class=\"background-image-holder\">\n\t\t\t            <img loading=\"lazy\" decoding=\"async\" width=\"1582\" height=\"1066\" src=\"https:\/\/www.tel-synergy.com\/wp-content\/uploads\/2019\/06\/Screen-Shot-2019-06-13-at-12.14.08-PM.png\" class=\"background-image\" alt=\"\" srcset=\"https:\/\/www.tel-synergy.com\/wp-content\/uploads\/2019\/06\/Screen-Shot-2019-06-13-at-12.14.08-PM.png 1582w, https:\/\/www.tel-synergy.com\/wp-content\/uploads\/2019\/06\/Screen-Shot-2019-06-13-at-12.14.08-PM-300x202.png 300w, https:\/\/www.tel-synergy.com\/wp-content\/uploads\/2019\/06\/Screen-Shot-2019-06-13-at-12.14.08-PM-768x518.png 768w, https:\/\/www.tel-synergy.com\/wp-content\/uploads\/2019\/06\/Screen-Shot-2019-06-13-at-12.14.08-PM-1024x690.png 1024w, https:\/\/www.tel-synergy.com\/wp-content\/uploads\/2019\/06\/Screen-Shot-2019-06-13-at-12.14.08-PM-600x404.png 600w\" sizes=\"auto, (max-width: 1582px) 100vw, 1582px\" \/>\n\t\t\t        <\/div>\n\t\t\t    <\/div>\n\t\t\t    <div class=\"col-md-6 col-md-offset-1 content\">\n\t\t\t        [vc_column_text]<\/p>\n<h3>Plate-forme UC et PBX H\u00e9berg\u00e9<\/h3>\n<p>Nous proposons un certain nombre de plates-formes PBX h\u00e9berg\u00e9es \/ UC pour r\u00e9pondre aux diff\u00e9rents besoins de nos clients. Nos plates-formes int\u00e8grent l\u2019ensemble de vos syst\u00e8mes t\u00e9l\u00e9phoniques de bureau dans un syst\u00e8me de communication simple \u00e0 utiliser, pour que vous puissiez suivre l\u2019environnement en constante \u00e9volution. Les plates-formes peuvent \u00e9galement \u00eatre r\u00e9parties sur tous vos appareils pour s&rsquo;adapter au flots de travail mobile actuel. Attendez-vous \u00e0 une utilisation simple et rapide des appels, appels vid\u00e9o, conf\u00e9rence, messagerie instantan\u00e9e, t\u00e9l\u00e9copie, pr\u00e9sence en ligne, fonctionnalit\u00e9s du centre d&rsquo;appels, r\u00e9pertoire Outlook \/ MS Exchange, int\u00e9gration CRM, etc. Notre solution bas\u00e9e sur le nuage vous permet d&rsquo;activer, de g\u00e9rer et de faire \u00e9voluer votre budget \u00e0 tout moment. Configurer des t\u00e9l\u00e9travailleurs, des salles de conf\u00e9rence et int\u00e9grer d&rsquo;autres \u00e9quipements analogiques sur lesquels votre entreprise repose, tout en int\u00e9grant \u00e9galement les t\u00e9l\u00e9phones mobiles. De plus, nos plate-formes d&rsquo;approvisionnement \u00e9liminent la main d&rsquo;oeuvre co\u00fbteuse, car le travail est d\u00e9j\u00e0 fait pour vous. Les plates-formes constituent l&rsquo;un de nos principaux avantages concurrentiels en mati\u00e8re de commande et de d\u00e9ploiement de solutions. Nos syst\u00e8mes en constante \u00e9volution, dot\u00e9s de fonctionnalit\u00e9s de pointe, vous donneront, ainsi qu&rsquo;\u00e0 vos clients, une longueur d&rsquo;avance<\/p>\n<p>En savoir plus sur <a href=\"http:\/\/www.sipx.xyz\">SIPX<\/a> ou <a href=\"http:\/\/www.cloudfibe.com\">CloudFibe<\/a> optimis\u00e9 par Broadsoft \/ CISCO[\/vc_column_text]\n\t\t\t    <\/div>\n\t\t\t<\/section>\n\t\t[\/vc_column][\/vc_row][vc_row full_width=\u00a0\u00bbstretch_row\u00a0\u00bb][vc_column]\n\t\t\t<section class=\"image-square right\">\n\t\t\t    <div class=\"col-md-6 image\">\n\t\t\t        <div class=\"background-image-holder\">\n\t\t\t            <img loading=\"lazy\" decoding=\"async\" width=\"6720\" height=\"4480\" src=\"https:\/\/www.tel-synergy.com\/wp-content\/uploads\/2019\/06\/businessman-typing-on-keyboard-at-call-center-RQVZUA4.jpg\" class=\"background-image\" alt=\"\" srcset=\"https:\/\/www.tel-synergy.com\/wp-content\/uploads\/2019\/06\/businessman-typing-on-keyboard-at-call-center-RQVZUA4.jpg 6720w, https:\/\/www.tel-synergy.com\/wp-content\/uploads\/2019\/06\/businessman-typing-on-keyboard-at-call-center-RQVZUA4-300x200.jpg 300w, https:\/\/www.tel-synergy.com\/wp-content\/uploads\/2019\/06\/businessman-typing-on-keyboard-at-call-center-RQVZUA4-768x512.jpg 768w, https:\/\/www.tel-synergy.com\/wp-content\/uploads\/2019\/06\/businessman-typing-on-keyboard-at-call-center-RQVZUA4-1024x683.jpg 1024w, https:\/\/www.tel-synergy.com\/wp-content\/uploads\/2019\/06\/businessman-typing-on-keyboard-at-call-center-RQVZUA4-600x400.jpg 600w\" sizes=\"auto, (max-width: 6720px) 100vw, 6720px\" \/>\n\t\t\t        <\/div>\n\t\t\t    <\/div>\n\t\t\t    <div class=\"col-md-6 content\">\n\t\t\t        [vc_column_text]<\/p>\n<h3>Solution de Centre d&rsquo;appels<\/h3>\n<p>Il est temps de prendre l&rsquo;exp\u00e9rience client, la productivit\u00e9 des agents et la g\u00e9n\u00e9ration de revenus \u00e0 un niveau sup\u00e9rieur. Notre solution de centre d&rsquo;appels h\u00e9berg\u00e9 \u00e9tend les capacit\u00e9s des centres d&rsquo;appels existants en permettant aux agents de centre d&rsquo;appels d&rsquo;\u00eatre r\u00e9partis g\u00e9ographiquement. Les agents peuvent prendre des appels depuis leur domicile, leurs bureaux satellites ou leurs combin\u00e9s mobiles avec nos syst\u00e8mes t\u00e9l\u00e9phoniques h\u00e9berg\u00e9s. Notre ensemble de fonctionnalit\u00e9s comprend des groupes de recherche, une mise en file d\u2019appel et des traitements sans r\u00e9ponse associ\u00e9s \u00e0 des standards automatiques qui acheminent correctement les appelants. Les d\u00e9tails des appels entrants peuvent aider \u00e0 pr\u00e9voir les besoins en personnel pour r\u00e9pondre aux volumes d&rsquo;appels pr\u00e9vus. Les centres d&rsquo;appels peuvent d\u00e9velopper des outils de gestion de l&rsquo;exp\u00e9rience client en utilisant des rapports qui g\u00e8rent efficacement les agents et surveillent les indicateurs de performance cl\u00e9s (KPI) dans leurs files d&rsquo;attente.[\/vc_column_text]\n\t\t\t    <\/div>\n\t\t\t<\/section>\n\t\t[\/vc_column][\/vc_row][vc_row full_width=\u00a0\u00bbstretch_row\u00a0\u00bb][vc_column]\n\t\t\t<section class=\"image-square left\">\n\t\t\t    <div class=\"col-md-6 image\">\n\t\t\t        <div class=\"background-image-holder\">\n\t\t\t            <img loading=\"lazy\" decoding=\"async\" width=\"1518\" height=\"1308\" src=\"https:\/\/www.tel-synergy.com\/wp-content\/uploads\/2019\/03\/Screen-Shot-2019-01-31-at-11.21.28-AM.png\" class=\"background-image\" alt=\"\" srcset=\"https:\/\/www.tel-synergy.com\/wp-content\/uploads\/2019\/03\/Screen-Shot-2019-01-31-at-11.21.28-AM.png 1518w, https:\/\/www.tel-synergy.com\/wp-content\/uploads\/2019\/03\/Screen-Shot-2019-01-31-at-11.21.28-AM-300x258.png 300w, https:\/\/www.tel-synergy.com\/wp-content\/uploads\/2019\/03\/Screen-Shot-2019-01-31-at-11.21.28-AM-768x662.png 768w, https:\/\/www.tel-synergy.com\/wp-content\/uploads\/2019\/03\/Screen-Shot-2019-01-31-at-11.21.28-AM-1024x882.png 1024w, https:\/\/www.tel-synergy.com\/wp-content\/uploads\/2019\/03\/Screen-Shot-2019-01-31-at-11.21.28-AM-600x517.png 600w\" sizes=\"auto, (max-width: 1518px) 100vw, 1518px\" \/>\n\t\t\t        <\/div>\n\t\t\t    <\/div>\n\t\t\t    <div class=\"col-md-6 col-md-offset-1 content\">\n\t\t\t        [vc_column_text]<\/p>\n<h3>SIP Trunking<\/h3>\n<p>SIP Trunking est une m\u00e9thode d\u2019envoi de votre appel vocal sur une ligne de donn\u00e9es existante. C\u2019est pourquoi il est couramment appel\u00e9 VoIP (Voice over Internet Protocol). Il remplace votre ligne analogique. Il est \u00e9galement \u00e9quip\u00e9 pour contr\u00f4ler les applications vid\u00e9o et de messagerie.[\/vc_column_text]\n\t\t\t    <\/div>\n\t\t\t<\/section>\n\t\t[\/vc_column][\/vc_row][vc_row full_width=\u00a0\u00bbstretch_row\u00a0\u00bb][vc_column]\n\t\t\t<section class=\"image-square right\">\n\t\t\t    <div class=\"col-md-6 image\">\n\t\t\t        <div class=\"background-image-holder\">\n\t\t\t            <img loading=\"lazy\" decoding=\"async\" width=\"5760\" height=\"3840\" src=\"https:\/\/www.tel-synergy.com\/wp-content\/uploads\/2019\/06\/attractive-businesswoman-standing-and-taking-call-PM7DXQR.jpg\" class=\"background-image\" alt=\"\" srcset=\"https:\/\/www.tel-synergy.com\/wp-content\/uploads\/2019\/06\/attractive-businesswoman-standing-and-taking-call-PM7DXQR.jpg 5760w, https:\/\/www.tel-synergy.com\/wp-content\/uploads\/2019\/06\/attractive-businesswoman-standing-and-taking-call-PM7DXQR-300x200.jpg 300w, https:\/\/www.tel-synergy.com\/wp-content\/uploads\/2019\/06\/attractive-businesswoman-standing-and-taking-call-PM7DXQR-768x512.jpg 768w, https:\/\/www.tel-synergy.com\/wp-content\/uploads\/2019\/06\/attractive-businesswoman-standing-and-taking-call-PM7DXQR-1024x683.jpg 1024w, https:\/\/www.tel-synergy.com\/wp-content\/uploads\/2019\/06\/attractive-businesswoman-standing-and-taking-call-PM7DXQR-600x400.jpg 600w\" sizes=\"auto, (max-width: 5760px) 100vw, 5760px\" \/>\n\t\t\t        <\/div>\n\t\t\t    <\/div>\n\t\t\t    <div class=\"col-md-6 content\">\n\t\t\t        [vc_column_text]<\/p>\n<h3>Interurbain<\/h3>\n<p>En fonction de vos habitudes de voix et de t\u00e9l\u00e9copie, TelSynergy propose des prix comp\u00e9titifs, ainsi qu&rsquo;un large \u00e9ventail d&rsquo;autres fonctionnalit\u00e9s vous permettant de gagner du temps et de l&rsquo;argent.[\/vc_column_text]\n\t\t\t    <\/div>\n\t\t\t<\/section>\n\t\t[\/vc_column][\/vc_row][vc_row full_width=\u00a0\u00bbstretch_row\u00a0\u00bb][vc_column]\n\t\t\t<section class=\"image-square left\">\n\t\t\t    <div class=\"col-md-6 image\">\n\t\t\t        <div class=\"background-image-holder\">\n\t\t\t            <img loading=\"lazy\" decoding=\"async\" width=\"6100\" height=\"4067\" src=\"https:\/\/www.tel-synergy.com\/wp-content\/uploads\/2019\/06\/chair-daytime-desk-840996.jpg\" class=\"background-image\" alt=\"\" srcset=\"https:\/\/www.tel-synergy.com\/wp-content\/uploads\/2019\/06\/chair-daytime-desk-840996.jpg 6100w, https:\/\/www.tel-synergy.com\/wp-content\/uploads\/2019\/06\/chair-daytime-desk-840996-300x200.jpg 300w, https:\/\/www.tel-synergy.com\/wp-content\/uploads\/2019\/06\/chair-daytime-desk-840996-768x512.jpg 768w, https:\/\/www.tel-synergy.com\/wp-content\/uploads\/2019\/06\/chair-daytime-desk-840996-1024x683.jpg 1024w, https:\/\/www.tel-synergy.com\/wp-content\/uploads\/2019\/06\/chair-daytime-desk-840996-600x400.jpg 600w\" sizes=\"auto, (max-width: 6100px) 100vw, 6100px\" \/>\n\t\t\t        <\/div>\n\t\t\t    <\/div>\n\t\t\t    <div class=\"col-md-6 col-md-offset-1 content\">\n\t\t\t        [vc_column_text]<\/p>\n<h3>Sans Frais<\/h3>\n<p>Les services sans frais ont toujours \u00e9t\u00e9 notre principale priorit\u00e9. Vous pouvez donc compter sur nous pour vous offrir un service fiable. Am\u00e9liorer votre entreprise et \u00e9largir votre client\u00e8le en enregistrant un service de num\u00e9ro sans frais qui aidera vos clients \u00e0 vous contacter.[\/vc_column_text]\n\t\t\t    <\/div>\n\t\t\t<\/section>\n\t\t[\/vc_column][\/vc_row][vc_row full_width=\u00a0\u00bbstretch_row\u00a0\u00bb][vc_column]\n\t\t\t<section class=\"image-square right\">\n\t\t\t    <div class=\"col-md-6 image\">\n\t\t\t        <div class=\"background-image-holder\">\n\t\t\t            <img loading=\"lazy\" decoding=\"async\" width=\"4200\" height=\"2800\" src=\"https:\/\/www.tel-synergy.com\/wp-content\/uploads\/2019\/06\/activity-and-mobility-PEJUF42-1.jpg\" class=\"background-image\" alt=\"\" srcset=\"https:\/\/www.tel-synergy.com\/wp-content\/uploads\/2019\/06\/activity-and-mobility-PEJUF42-1.jpg 4200w, https:\/\/www.tel-synergy.com\/wp-content\/uploads\/2019\/06\/activity-and-mobility-PEJUF42-1-300x200.jpg 300w, https:\/\/www.tel-synergy.com\/wp-content\/uploads\/2019\/06\/activity-and-mobility-PEJUF42-1-768x512.jpg 768w, https:\/\/www.tel-synergy.com\/wp-content\/uploads\/2019\/06\/activity-and-mobility-PEJUF42-1-1024x683.jpg 1024w, https:\/\/www.tel-synergy.com\/wp-content\/uploads\/2019\/06\/activity-and-mobility-PEJUF42-1-600x400.jpg 600w\" sizes=\"auto, (max-width: 4200px) 100vw, 4200px\" \/>\n\t\t\t        <\/div>\n\t\t\t    <\/div>\n\t\t\t    <div class=\"col-md-6 content\">\n\t\t\t        [vc_column_text]<\/p>\n<h3>Flexibilit\u00e9<\/h3>\n<p>Apportez votre propre appareil et \u00e9conomisez sur les factures cellulaires. Nos forfaits sans fil flexibles vous permettent de travailler comme vous le souhaitez.[\/vc_column_text]\n\t\t\t    <\/div>\n\t\t\t<\/section>\n\t\t[\/vc_column][\/vc_row][vc_row full_width=\u00a0\u00bbstretch_row\u00a0\u00bb][vc_column]\n\t\t\t<section class=\"image-square left\">\n\t\t\t    <div class=\"col-md-6 image\">\n\t\t\t        <div class=\"background-image-holder\">\n\t\t\t            <img loading=\"lazy\" decoding=\"async\" width=\"5422\" height=\"3615\" src=\"https:\/\/www.tel-synergy.com\/wp-content\/uploads\/2019\/06\/architect-woman-working-on-phone-PSLLQ4B.jpg\" class=\"background-image\" alt=\"\" srcset=\"https:\/\/www.tel-synergy.com\/wp-content\/uploads\/2019\/06\/architect-woman-working-on-phone-PSLLQ4B.jpg 5422w, https:\/\/www.tel-synergy.com\/wp-content\/uploads\/2019\/06\/architect-woman-working-on-phone-PSLLQ4B-300x200.jpg 300w, https:\/\/www.tel-synergy.com\/wp-content\/uploads\/2019\/06\/architect-woman-working-on-phone-PSLLQ4B-768x512.jpg 768w, https:\/\/www.tel-synergy.com\/wp-content\/uploads\/2019\/06\/architect-woman-working-on-phone-PSLLQ4B-1024x683.jpg 1024w, https:\/\/www.tel-synergy.com\/wp-content\/uploads\/2019\/06\/architect-woman-working-on-phone-PSLLQ4B-600x400.jpg 600w\" sizes=\"auto, (max-width: 5422px) 100vw, 5422px\" \/>\n\t\t\t        <\/div>\n\t\t\t    <\/div>\n\t\t\t    <div class=\"col-md-6 col-md-offset-1 content\">\n\t\t\t        [vc_column_text]<\/p>\n<h3>Lignes d&rsquo;Affaires<\/h3>\n<p>Vous aurez un acc\u00e8s illimit\u00e9 au r\u00e9seau t\u00e9l\u00e9phonique public commut\u00e9 (PSTN) avec le plus haut niveau de qualit\u00e9 et de fiabilit\u00e9. Un PRI est un circuit unique (g\u00e9n\u00e9ralement une connexion T1 en Am\u00e9rique du Nord) avec 23 canaux vocaux et un canal de donn\u00e9es \/ contr\u00f4le (RNIS) qui permet \u00e0 votre entreprise de mettre en attente 23 appels simultan\u00e9ment.[\/vc_column_text]\n\t\t\t    <\/div>\n\t\t\t<\/section>\n\t\t[\/vc_column][\/vc_row]<\/p>\n","protected":false},"excerpt":{"rendered":"<p>[vc_row full_width=\u00a0\u00bbstretch_row\u00a0\u00bb foundry_padding=\u00a0\u00bbpt0&Prime;][vc_column][\/vc_column][\/vc_row][vc_row full_width=\u00a0\u00bbstretch_row\u00a0\u00bb][vc_column][\/vc_column][\/vc_row][vc_row full_width=\u00a0\u00bbstretch_row\u00a0\u00bb][vc_column][\/vc_column][\/vc_row][vc_row full_width=\u00a0\u00bbstretch_row\u00a0\u00bb][vc_column][\/vc_column][\/vc_row][vc_row full_width=\u00a0\u00bbstretch_row\u00a0\u00bb][vc_column][\/vc_column][\/vc_row][vc_row full_width=\u00a0\u00bbstretch_row\u00a0\u00bb][vc_column][\/vc_column][\/vc_row][vc_row full_width=\u00a0\u00bbstretch_row\u00a0\u00bb][vc_column][\/vc_column][\/vc_row]<\/p>\n","protected":false},"author":1,"featured_media":2205,"parent":0,"menu_order":0,"comment_status":"open","ping_status":"open","template":"","meta":{"footnotes":""},"class_list":["post-2051","page","type-page","status-publish","has-post-thumbnail","hentry"],"_links":{"self":[{"href":"https:\/\/www.tel-synergy.com\/index.php?rest_route=\/wp\/v2\/pages\/2051","targetHints":{"allow":["GET"]}}],"collection":[{"href":"https:\/\/www.tel-synergy.com\/index.php?rest_route=\/wp\/v2\/pages"}],"about":[{"href":"https:\/\/www.tel-synergy.com\/index.php?rest_route=\/wp\/v2\/types\/page"}],"author":[{"embeddable":true,"href":"https:\/\/www.tel-synergy.com\/index.php?rest_route=\/wp\/v2\/users\/1"}],"replies":[{"embeddable":true,"href":"https:\/\/www.tel-synergy.com\/index.php?rest_route=%2Fwp%2Fv2%2Fcomments&post=2051"}],"version-history":[{"count":14,"href":"https:\/\/www.tel-synergy.com\/index.php?rest_route=\/wp\/v2\/pages\/2051\/revisions"}],"predecessor-version":[{"id":2219,"href":"https:\/\/www.tel-synergy.com\/index.php?rest_route=\/wp\/v2\/pages\/2051\/revisions\/2219"}],"wp:featuredmedia":[{"embeddable":true,"href":"https:\/\/www.tel-synergy.com\/index.php?rest_route=\/wp\/v2\/media\/2205"}],"wp:attachment":[{"href":"https:\/\/www.tel-synergy.com\/index.php?rest_route=%2Fwp%2Fv2%2Fmedia&parent=2051"}],"curies":[{"name":"wp","href":"https:\/\/api.w.org\/{rel}","templated":true}]}}