{"id":2037,"date":"2019-06-10T12:55:58","date_gmt":"2019-06-10T16:55:58","guid":{"rendered":"http:\/\/site1.smartbox.ca\/?page_id=2037"},"modified":"2019-07-09T10:37:38","modified_gmt":"2019-07-09T14:37:38","slug":"benefits","status":"publish","type":"page","link":"https:\/\/www.tel-synergy.com\/?page_id=2037","title":{"rendered":"Avantages"},"content":{"rendered":"<p>[vc_row foundry_padding=\u00a0\u00bbpb0&Prime;][vc_column][vc_column_text]<\/p>\n<h2 style=\"text-align: center;\"><strong><em><br \/>\nTous vos besoins des t\u00e9l\u00e9communications et en un seul endroit<\/em><\/strong><\/h2>\n<p>[\/vc_column_text][\/vc_column][\/vc_row][vc_row parallax=\u00a0\u00bb\u00a0\u00bb parallax_image=\u00a0\u00bb\u00a0\u00bb][vc_column width=\u00a0\u00bb1\/3&Prime;]\n\t\t\t<div class=\"feature feature-3\">\n\t\t\t\t\n\t\t\t    <div class=\"left\">\n\t\t\t        <i class=\"ti-harddrives icon-sm\"><\/i>\n\t\t\t    <\/div>\n\t\t\t    <div class=\"right\">\n\t\t\t        <h5 class=\"uppercase mb16\">PBX H\u00e9berg\u00e9<\/h5>\n\t\t\t        <p>R\u00e9duction des co\u00fbts de l&rsquo;infrastructure et des risques (\u00ab\u00a0BCP\u00a0\u00bb\u2026 \u00e9volutif\u2026 R\u00e9duction des co\u00fbts, maintenance et le support avec un service bas\u00e9 sur le nuage.<\/p>\n\n\t\t\t    <\/div>\n\t\t\t    \n\t\t\t<\/div>\n\t\t[vc_empty_space height=\u00a0\u00bb52px\u00a0\u00bb]\n\t\t\t<div class=\"feature feature-3\">\n\t\t\t\t\n\t\t\t    <div class=\"left\">\n\t\t\t        <i class=\"ti-plug icon-sm\"><\/i>\n\t\t\t    <\/div>\n\t\t\t    <div class=\"right\">\n\t\t\t        <h5 class=\"uppercase mb16\">Lignes PRI et Analogiques<\/h5>\n\t\t\t        <p>Parfois, dans le monde num\u00e9rique, l\u2019analogique pourrait \u00eatre la solution. Parfois, la taille ne convient pas \u00e0 tous, et pour cette raison, en fonction de l&rsquo;infrastructure des t\u00e9l\u00e9communications de votre r\u00e9gion, il serait peut-\u00eatre plus logique de r\u00e9duire les co\u00fbts des t\u00e9l\u00e9communications via des lignes group\u00e9es analogiques.<\/p>\n\n\t\t\t    <\/div>\n\t\t\t    \n\t\t\t<\/div>\n\t\t[vc_empty_space height=\u00a0\u00bb52px\u00a0\u00bb]\n\t\t\t<div class=\"feature feature-3\">\n\t\t\t\t\n\t\t\t    <div class=\"left\">\n\t\t\t        <i class=\"ti-rss-alt icon-sm\"><\/i>\n\t\t\t    <\/div>\n\t\t\t    <div class=\"right\">\n\t\t\t        <h5 class=\"uppercase mb16\">Internet<\/h5>\n\t\t\t        <p>Fibre D\u00e9di\u00e9e \/ DIA (Acc\u00e8s Internet d\u00e9di\u00e9) &#8211; Protection de vos besoins en donn\u00e9es et de votre rapidit\u00e9<\/p>\n<p>Fibre (Internet sans fil) &#8211; Ind\u00e9pendance des donn\u00e9es &#8211; ne d\u00e9pendez pas des entreprises de c\u00e2blodistribution\u2026<\/p>\n<p>Haut d\u00e9bit point \u00e0 point &#8211; S\u00e9curit\u00e9 et protection des donn\u00e9es entre vos sites \/ La connectivit\u00e9e sans fil rend le point \u00e0 point plus abordable et plus facile \u00e0 personnaliser<\/p>\n\n\t\t\t    <\/div>\n\t\t\t    \n\t\t\t<\/div>\n\t\t[\/vc_column][vc_column width=\u00a0\u00bb1\/3&Prime;]\n\t\t\t<div class=\"feature feature-3\">\n\t\t\t\t\n\t\t\t    <div class=\"left\">\n\t\t\t        <i class=\"ti-headphone-alt icon-sm\"><\/i>\n\t\t\t    <\/div>\n\t\t\t    <div class=\"right\">\n\t\t\t        <h5 class=\"uppercase mb16\">Solutions de Centre d'appels<\/h5>\n\t\t\t        <p>Nous aidons votre \u00e9quipe de direction \u00e0 \u00eatre mieux inform\u00e9 tout en conservant un \u0153il \u00e9volutif de votre entreprise. Combien d&rsquo;appels sont pris, combien dans les files d&rsquo;attente, quelle est la performance par agent, et tout en temps r\u00e9el. Vous pouvez \u00e9couter et enregistrer des conversations \u00e0 des fins de formation. Tous les outils n\u00e9cessaires au centre d\u2019appel d\u2019aujourd\u2019hui sont d&rsquo;une facilit\u00e9 remarquable. Trouvez les bons contr\u00f4les de gestion dont votre entreprise a besoin.<\/p>\n\n\t\t\t    <\/div>\n\t\t\t    \n\t\t\t<\/div>\n\t\t[vc_empty_space height=\u00a0\u00bb52px\u00a0\u00bb]\n\t\t\t<div class=\"feature feature-3\">\n\t\t\t\t\n\t\t\t    <div class=\"left\">\n\t\t\t        <i class=\"ti-signal icon-sm\"><\/i>\n\t\t\t    <\/div>\n\t\t\t    <div class=\"right\">\n\t\t\t        <h5 class=\"uppercase mb16\">Interurbains et Sans Frais<\/h5>\n\t\t\t        <p>Mieux rivaliser avec vos nouveaux tarifs internationaux et num\u00e9ros sans frais exclusifs. Faites-nous simplement savoir quels taux internationaux conviennent le mieux au type d&rsquo;entreprise que vous exploitez. Nous sommes l\u00e0 pour vous aider et r\u00e9duire vos co\u00fbts. Contactez-nous et nous analyserons vos besoins.<\/p>\n\n\t\t\t    <\/div>\n\t\t\t    \n\t\t\t<\/div>\n\t\t[vc_empty_space height=\u00a0\u00bb52px\u00a0\u00bb]\n\t\t\t<div class=\"feature feature-3\">\n\t\t\t\t\n\t\t\t    <div class=\"left\">\n\t\t\t        <i class=\"ti-desktop icon-sm\"><\/i>\n\t\t\t    <\/div>\n\t\t\t    <div class=\"right\">\n\t\t\t        <h5 class=\"uppercase mb16\">C\u00e2ble \u2013 DSL - FTTN (acc\u00e8s internet public)<\/h5>\n\t\t\t        <p>Vous pouvez vous permettre d&rsquo;avoir des services de redondance \u00e0 l&rsquo;aide de solutions de c\u00e2ble qui vous donneront un acc\u00e8s public \u00e0 Internet. Vous pouvez \u00eatre toujours accessible si c&rsquo;est ce dont votre entreprise a besoin. Nous pouvons vous aider \u00e0 atteindre le moyen le plus abordable.<\/p>\n\n\t\t\t    <\/div>\n\t\t\t    \n\t\t\t<\/div>\n\t\t[\/vc_column][vc_column width=\u00a0\u00bb1\/3&Prime;]\n\t\t\t<div class=\"feature feature-3\">\n\t\t\t\t\n\t\t\t    <div class=\"left\">\n\t\t\t        <i class=\"ti-cloud-up icon-sm\"><\/i>\n\t\t\t    <\/div>\n\t\t\t    <div class=\"right\">\n\t\t\t        <h5 class=\"uppercase mb16\">SIP Trunking<\/h5>\n\t\t\t        <p>\u00c9conomie de co\u00fbts en lignes t\u00e9l\u00e9phoniques tout en d\u00e9veloppant les communications.<\/p>\n\n\t\t\t    <\/div>\n\t\t\t    \n\t\t\t<\/div>\n\t\t[vc_empty_space height=\u00a0\u00bb52px\u00a0\u00bb]\n\t\t\t<div class=\"feature feature-3\">\n\t\t\t\t\n\t\t\t    <div class=\"left\">\n\t\t\t        <i class=\"ti-mobile icon-sm\"><\/i>\n\t\t\t    <\/div>\n\t\t\t    <div class=\"right\">\n\t\t\t        <h5 class=\"uppercase mb16\">Cellulaire<\/h5>\n\t\t\t        <p>Pour nos clients affaires, nous offrons un service mobile exclusif. La mobilit\u00e9 est l\u2019essence du monde d\u2019aujourd\u2019hui. Vous pouvez b\u00e9n\u00e9ficier des derniers smartphones aux meilleurs plans tarifaires du march\u00e9, exclusifs \u00e0 nos partenaires et entreprises. Naviguez dans les donn\u00e9es dont vous avez besoin pour vous conformer \u00e0 votre travail et vous r\u00e9aliserez comme il se doit. La communication instantan\u00e9e est aujourd&rsquo;hui une exigence pour ne pas perdre de prospects et de clients. Nous vous fournissons l&rsquo;infrastructure mobile dont vous avez besoin.<\/p>\n\n\t\t\t    <\/div>\n\t\t\t    \n\t\t\t<\/div>\n\t\t[vc_empty_space height=\u00a0\u00bb52px\u00a0\u00bb]\n\t\t\t<div class=\"feature feature-3\">\n\t\t\t\t\n\t\t\t    <div class=\"left\">\n\t\t\t        <i class=\"ti-settings icon-sm\"><\/i>\n\t\t\t    <\/div>\n\t\t\t    <div class=\"right\">\n\t\t\t        <h5 class=\"uppercase mb16\">Autres Services<\/h5>\n\t\t\t        <p>Service de t\u00e9l\u00e9communication dans le monde entier: acc\u00e9dez au monde entier avec un partenaire fiable<\/p>\n<p>Programme d&rsquo;agents &#8211; Augmenter vos contacts et augmenter vos revenus<\/p>\n<p>Service \u00e0 la client\u00e8le &#8211; Nous nous soucions de votre entreprise<\/p>\n<p>Solution de facturation (<a href=\"http:\/\/www.smartbilling.ca\">Smartbilling<\/a>)<\/p>\n\n\t\t\t    <\/div>\n\t\t\t    \n\t\t\t<\/div>\n\t\t[\/vc_column][\/vc_row][vc_row foundry_background_style=\u00a0\u00bbbg-primary\u00a0\u00bb css=\u00a0\u00bb.vc_custom_1560788966098{background-image: url(http:\/\/site1.smartbox.ca\/wp-content\/uploads\/2019\/06\/bg_grid.jpg?id=2083) !important;}\u00a0\u00bb][vc_column][vc_column_text]<\/p>\n<h3 class=\"uppercase mb64 mb-xs-32\" style=\"text-align: center;\">Communiquer Efficacement<\/h3>\n<h5>Il existe de nombreuses raisons pour lesquelles les applications de communications unifi\u00e9es \/ PBX h\u00e9berg\u00e9es contribuent aux performances et \u00e0 l\u2019efficacit\u00e9 de votre entreprise. Les employ\u00e9s peuvent acc\u00e9der \u00e0 la m\u00eame information via diff\u00e9rentes technologies de canaux, mobile, PC, etc. Ils collaborent plus facilement, ce qui am\u00e9liore l&rsquo;ensemble de l&rsquo;organisation. En outre, vos entreprises \u00e9conomiseront de l&rsquo;argent \u00e0 long terme avec les communications unifi\u00e9es, ce qui lib\u00e9rera vos budgets pour d&rsquo;autres investissements. Tel que:<\/h5>\n<p>[\/vc_column_text][vc_row_inner][vc_column_inner width=\u00a0\u00bb1\/3&Prime;]\n\t\t\t<div class=\"feature feature-3 feature-4 boxed\">\n\t\t\t\t\n\t\t\t    <div class=\"left\">\n\t\t\t        <i class=\"none icon-lg\"><\/i>\n\t\t\t    <\/div>\n\t\t\t    <div class=\"right\">\n\t\t\t        <h5 class=\"uppercase mb16\">Productivit\u00e9 des Employ\u00e9s<\/h5>\n\t\t\t        \n\t\t\t    <\/div>\n\t\t\t    \n\t\t\t<\/div>\n\t\t[\/vc_column_inner][vc_column_inner width=\u00a0\u00bb1\/3&Prime;]\n\t\t\t<div class=\"feature feature-3 feature-4 boxed\">\n\t\t\t\t\n\t\t\t    <div class=\"left\">\n\t\t\t        <i class=\"none icon-lg\"><\/i>\n\t\t\t    <\/div>\n\t\t\t    <div class=\"right\">\n\t\t\t        <h5 class=\"uppercase mb16\">Travail d'\u00c9quipe et Collaboration<\/h5>\n\t\t\t        \n\t\t\t    <\/div>\n\t\t\t    \n\t\t\t<\/div>\n\t\t[\/vc_column_inner][vc_column_inner width=\u00a0\u00bb1\/3&Prime;]\n\t\t\t<div class=\"feature feature-3 feature-4 boxed\">\n\t\t\t\t\n\t\t\t    <div class=\"left\">\n\t\t\t        <i class=\"none icon-lg\"><\/i>\n\t\t\t    <\/div>\n\t\t\t    <div class=\"right\">\n\t\t\t        <h5 class=\"uppercase mb16\">Organisation et Facilit\u00e9<\/h5>\n\t\t\t        \n\t\t\t    <\/div>\n\t\t\t    \n\t\t\t<\/div>\n\t\t[\/vc_column_inner][\/vc_row_inner][vc_row_inner][vc_column_inner width=\u00a0\u00bb1\/3&Prime;]\n\t\t\t<div class=\"feature feature-3 feature-4 boxed\">\n\t\t\t\t\n\t\t\t    <div class=\"left\">\n\t\t\t        <i class=\"none icon-lg\"><\/i>\n\t\t\t    <\/div>\n\t\t\t    <div class=\"right\">\n\t\t\t        <h5 class=\"uppercase mb16\">Des \u00c9conomies<\/h5>\n\t\t\t        \n\t\t\t    <\/div>\n\t\t\t    \n\t\t\t<\/div>\n\t\t[\/vc_column_inner][vc_column_inner width=\u00a0\u00bb1\/3&Prime;]\n\t\t\t<div class=\"feature feature-3 feature-4 boxed\">\n\t\t\t\t\n\t\t\t    <div class=\"left\">\n\t\t\t        <i class=\"none icon-lg\"><\/i>\n\t\t\t    <\/div>\n\t\t\t    <div class=\"right\">\n\t\t\t        <h5 class=\"uppercase mb16\">Versatilit\u00e9<\/h5>\n\t\t\t        \n\t\t\t    <\/div>\n\t\t\t    \n\t\t\t<\/div>\n\t\t[\/vc_column_inner][vc_column_inner width=\u00a0\u00bb1\/3&Prime;]\n\t\t\t<div class=\"feature feature-3 feature-4 boxed\">\n\t\t\t\t\n\t\t\t    <div class=\"left\">\n\t\t\t        <i class=\"none icon-lg\"><\/i>\n\t\t\t    <\/div>\n\t\t\t    <div class=\"right\">\n\t\t\t        <h5 class=\"uppercase mb16\">Connectivit\u00e9s Multicanaux<\/h5>\n\t\t\t        \n\t\t\t    <\/div>\n\t\t\t    \n\t\t\t<\/div>\n\t\t[\/vc_column_inner][\/vc_row_inner][vc_column_text]<\/p>\n<h5>Les applications de communications unifi\u00e9es ne sont pas r\u00e9serv\u00e9es aux grandes entreprises disposant de gros budgets. Ils sont destin\u00e9s aux organisations de toutes tailles qui souhaitent am\u00e9liorer leurs communications interne et externe. La r\u00e9alit\u00e9 est que la mise en \u0153uvre de la UC permet aux entreprises de r\u00e9aliser des \u00e9conomies \u00e0 long terme.<\/h5>\n<p>[\/vc_column_text][\/vc_column][\/vc_row][vc_row][vc_column width=\u00a0\u00bb1\/5&Prime;][\/vc_column][vc_column width=\u00a0\u00bb3\/5&Prime;][vc_tta_accordion style=\u00a0\u00bbflat\u00a0\u00bb shape=\u00a0\u00bbsquare\u00a0\u00bb color=\u00a0\u00bbwhite\u00a0\u00bb spacing=\u00a0\u00bb2&Prime; c_icon=\u00a0\u00bbchevron\u00a0\u00bb active_section=\u00a0\u00bb1&Prime; no_fill=\u00a0\u00bbtrue\u00a0\u00bb title=\u00a0\u00bbInternet\u00a0\u00bb][vc_tta_section title=\u00a0\u00bbConnection D\u00e9di\u00e9e\u00a0\u00bb tab_id=\u00a0\u00bb1554216370197-08c7a6d0-b704&Prime;][vc_column_text]<\/p>\n<h5>Un service internet d\u00e9di\u00e9, fournit un acc\u00e8s internet\u00a0\u00e0\u00a0haut d\u00e9bit connect\u00e9 en permanence via des r\u00e9seaux de fibre optique. Donner \u00e0 votre entreprise un point d\u2019acc\u00e8s unique, vous assurant d&rsquo;offrir le plus haut niveau de disponibilit\u00e9 et de fiabilit\u00e9.<\/h5>\n<p>[\/vc_column_text][\/vc_tta_section][vc_tta_section title=\u00a0\u00bbSans Fil\u00a0\u00bb tab_id=\u00a0\u00bb1554216370223-72b678e0-0de3&Prime;][vc_column_text]<\/p>\n<h5>Renforcer l&rsquo;efficacit\u00e9 de votre entreprise avec des solutions sans fil avanc\u00e9es et de hautes performances. Internet sans fil est une solution privil\u00e9gi\u00e9e pour les entreprises situ\u00e9es dans des zones non couvertes par les services c\u00e2bl\u00e9s. Il repr\u00e9sente \u00e9galement une solution de sauvegarde abordable et une option int\u00e9ressante lorsqu&rsquo;il est impossible ou trop co\u00fbteux de c\u00e2bler un b\u00e2timent entier.<\/h5>\n<p>[\/vc_column_text][\/vc_tta_section][vc_tta_section title=\u00a0\u00bbR\u00e9seaux Priv\u00e9s\u00a0\u00bb tab_id=\u00a0\u00bb1554216504099-dc168cad-d0a6&Prime;][vc_column_text]<\/p>\n<h5>Les r\u00e9seaux priv\u00e9s multi sites, point \u00e0 point et multipoint permettent aux entreprises de communiquer entre leurs diff\u00e9rents sites g\u00e9ographiques sur des r\u00e9seaux s\u00e9curis\u00e9s, d\u00e9di\u00e9s et priv\u00e9s.<\/h5>\n<p>[\/vc_column_text][\/vc_tta_section][vc_tta_section title=\u00a0\u00bbC\u00e2ble\u00a0\u00bb tab_id=\u00a0\u00bb1554216540859-ae2cded8-bd89&Prime;][vc_column_text]<\/p>\n<h5>Notre solution Internet est un moyen \u00e9conomique de se brancher vos sites \u00e0 Internet partout au Canada.<\/h5>\n<p>[\/vc_column_text][\/vc_tta_section][\/vc_tta_accordion][\/vc_column][vc_column width=\u00a0\u00bb1\/5&Prime;][\/vc_column][\/vc_row]<\/p>\n","protected":false},"excerpt":{"rendered":"<p>[vc_row foundry_padding=\u00a0\u00bbpb0&Prime;][vc_column][vc_column_text] Tous vos besoins des t\u00e9l\u00e9communications et en un seul endroit [\/vc_column_text][\/vc_column][\/vc_row][vc_row parallax=\u00a0\u00bb\u00a0\u00bb parallax_image=\u00a0\u00bb\u00a0\u00bb][vc_column width=\u00a0\u00bb1\/3&Prime;][vc_empty_space height=\u00a0\u00bb52px\u00a0\u00bb][vc_empty_space height=\u00a0\u00bb52px\u00a0\u00bb][\/vc_column][vc_column width=\u00a0\u00bb1\/3&Prime;][vc_empty_space height=\u00a0\u00bb52px\u00a0\u00bb][vc_empty_space height=\u00a0\u00bb52px\u00a0\u00bb][\/vc_column][vc_column&#8230;<\/p>\n","protected":false},"author":1,"featured_media":2036,"parent":0,"menu_order":0,"comment_status":"open","ping_status":"open","template":"","meta":{"footnotes":""},"class_list":["post-2037","page","type-page","status-publish","has-post-thumbnail","hentry"],"_links":{"self":[{"href":"https:\/\/www.tel-synergy.com\/index.php?rest_route=\/wp\/v2\/pages\/2037","targetHints":{"allow":["GET"]}}],"collection":[{"href":"https:\/\/www.tel-synergy.com\/index.php?rest_route=\/wp\/v2\/pages"}],"about":[{"href":"https:\/\/www.tel-synergy.com\/index.php?rest_route=\/wp\/v2\/types\/page"}],"author":[{"embeddable":true,"href":"https:\/\/www.tel-synergy.com\/index.php?rest_route=\/wp\/v2\/users\/1"}],"replies":[{"embeddable":true,"href":"https:\/\/www.tel-synergy.com\/index.php?rest_route=%2Fwp%2Fv2%2Fcomments&post=2037"}],"version-history":[{"count":17,"href":"https:\/\/www.tel-synergy.com\/index.php?rest_route=\/wp\/v2\/pages\/2037\/revisions"}],"predecessor-version":[{"id":2266,"href":"https:\/\/www.tel-synergy.com\/index.php?rest_route=\/wp\/v2\/pages\/2037\/revisions\/2266"}],"wp:featuredmedia":[{"embeddable":true,"href":"https:\/\/www.tel-synergy.com\/index.php?rest_route=\/wp\/v2\/media\/2036"}],"wp:attachment":[{"href":"https:\/\/www.tel-synergy.com\/index.php?rest_route=%2Fwp%2Fv2%2Fmedia&parent=2037"}],"curies":[{"name":"wp","href":"https:\/\/api.w.org\/{rel}","templated":true}]}}